{"id":426,"date":"2025-08-20T18:38:46","date_gmt":"2025-08-20T18:38:46","guid":{"rendered":"https:\/\/sbac-pad2025.ufms.br\/?page_id=426"},"modified":"2025-10-15T17:12:21","modified_gmt":"2025-10-15T17:12:21","slug":"inscricoes-para-brasileiros","status":"publish","type":"page","link":"https:\/\/sbac-pad2025.ufms.br\/?page_id=426","title":{"rendered":"Inscri\u00e7\u00f5es para brasileiros"},"content":{"rendered":"\n<p>H\u00e1 um n\u00famero limitado de inscri\u00e7\u00f5es com pre\u00e7o reduzido para membros de institui\u00e7\u00f5es de pesquisa brasileiras. Tais inscri\u00e7\u00f5es n\u00e3o d\u00e3o direito ao jantar da confer\u00eancia. No momento da inscri\u00e7\u00e3o, escolha a op\u00e7\u00e3o apropriada e fa\u00e7a o upload do comprovante de v\u00ednculo a uma institui\u00e7\u00e3o de pesquisa brasileira para validar sua inscri\u00e7\u00e3o. As inscri\u00e7\u00f5es s\u00f3 ser\u00e3o efetivadas ap\u00f3s o envio do documento comprobat\u00f3rio. Os valores para as inscri\u00e7\u00f5es com pre\u00e7os reduzidos podem ser vistos&nbsp;abaixo, a taxa de publica\u00e7\u00e3o para brasileiros \u00e9 de R$ 400,00<\/p>\n\n\n\n<p><\/p>\n\n\n\n<figure class=\"wp-block-table\"><table class=\"has-fixed-layout\"><tbody><tr><td><strong>Categoria<\/strong><\/td><td><strong>At\u00e9 10 de outubro<\/strong><\/td><td><strong>Ap\u00f3s 10 de outubro<\/strong><\/td><\/tr><tr><td>Estudante de gradua\u00e7\u00e3o &#8211; Associado \u00e0 SBC ou IEEE com anuidade vigente<\/td><td>R$ 270,00<\/td><td>R$ 350,00<\/td><\/tr><tr><td>Estudante de gradua\u00e7\u00e3o &#8211; Associado \u00e0 SBC com anuidade vencendo em at\u00e9 90 dias (COMBO: inscri\u00e7\u00e3o no evento + renova\u00e7\u00e3o da associa\u00e7\u00e3o \u00e0 SBC)<\/td><td>R$ 303,00<\/td><td>R$ 383,00<\/td><\/tr><tr><td>Estudante de gradua\u00e7\u00e3o &#8211; N\u00e3o-associado ou com associa\u00e7\u00e3o n\u00e3o-vigente \u00e0 SBC (COMBO: inscri\u00e7\u00e3o no evento + associa\u00e7\u00e3o \u00e0 SBC)<\/td><td>R$ 303,00<\/td><td>R$ 383,00<\/td><\/tr><tr><td>Estudante de gradua\u00e7\u00e3o &#8211; N\u00e3o-associado \u00e0 SBC ou IEEE (somente inscri\u00e7\u00e3o no evento)<\/td><td>R$ 330,00<\/td><td>R$ 418,00<\/td><\/tr><tr><td>Estudante de p\u00f3s-gradua\u00e7\u00e3o &#8211; Associado \u00e0 SBC ou IEEE com anuidade vigente<\/td><td>R$ 540,00<\/td><td>R$ 690,00<\/td><\/tr><tr><td>Estudante de p\u00f3s-gradua\u00e7\u00e3o &#8211; Associado \u00e0 SBC com anuidade vencendo em at\u00e9 90 dias (COMBO: inscri\u00e7\u00e3o no evento + renova\u00e7\u00e3o da associa\u00e7\u00e3o \u00e0 SBC)<\/td><td>R$ 675,00<\/td><td>R$ 825,00<\/td><\/tr><tr><td>Estudante de p\u00f3s-gradua\u00e7\u00e3o &#8211; N\u00e3o-associado ou com associa\u00e7\u00e3o n\u00e3o-vigente \u00e0 SBC (COMBO: inscri\u00e7\u00e3o no evento + associa\u00e7\u00e3o \u00e0 SBC)<\/td><td>R$ 675,00<\/td><td>R$ 825,00<\/td><\/tr><tr><td>Estudante de p\u00f3s-gradua\u00e7\u00e3o &#8211; N\u00e3o-associado \u00e0 SBC ou IEEE (somente inscri\u00e7\u00e3o no evento)<\/td><td>R$ 729,00<\/td><td>R$ 894,00<\/td><\/tr><tr><td>Professor de Educa\u00e7\u00e3o B\u00e1sica Municipal\/Estadual \u00e0 SBC com anuidade vigente<\/td><td>R$ 550,00<\/td><td>R$ 700,00<\/td><\/tr><tr><td>Professor de Educa\u00e7\u00e3o B\u00e1sica Municipal\/Estadual associado \u00e0 SBC com anuidade vencendo em at\u00e9 90 dias (Melhor op\u00e7\u00e3o: COMBO inscri\u00e7\u00e3o no evento + renova\u00e7\u00e3o da associa\u00e7\u00e3o \u00e0 SBC)<\/td><td>R$ 685,00<br><\/td><td>R$ 835,00<\/td><\/tr><tr><td>Professor de Educa\u00e7\u00e3o B\u00e1sica Municipal\/Estadual n\u00e3o associado ou com associa\u00e7\u00e3o n\u00e3o vigente \u00e0 SBC (Melhor op\u00e7\u00e3o: COMBO inscri\u00e7\u00e3o no evento + associa\u00e7\u00e3o \u00e0 SBC)<\/td><td>R$ 685,00<\/td><td>R$ 835,00<\/td><\/tr><tr><td>Professor de Educa\u00e7\u00e3o B\u00e1sica Municipal\/Estadual n\u00e3o associado \u00e0 SBC (Somente inscri\u00e7\u00e3o no evento)<\/td><td>R$ 740,00<\/td><td>R$ 905,00<\/td><\/tr><tr><td>Professor de Educa\u00e7\u00e3o B\u00e1sica Federal associado \u00e0 SBC com anuidade vigente<\/td><td>R$550,00<\/td><td>R$ 700,00<\/td><\/tr><tr><td>Professor de Educa\u00e7\u00e3o B\u00e1sica Federal associado \u00e0 SBC com anuidade vencendo em at\u00e9 90 dias (Melhor op\u00e7\u00e3o: COMBO inscri\u00e7\u00e3o no evento + renova\u00e7\u00e3o da associa\u00e7\u00e3o \u00e0 SBC)<\/td><td>R$ 920,00<\/td><td>R$ 1.070,00<\/td><\/tr><tr><td>Professor de Educa\u00e7\u00e3o B\u00e1sica Federal n\u00e3o associado ou com associa\u00e7\u00e3o n\u00e3o vigente \u00e0 SBC (Melhor op\u00e7\u00e3o: COMBO inscri\u00e7\u00e3o no evento + associa\u00e7\u00e3o \u00e0 SBC)<\/td><td>R$ 920,00<\/td><td>R$ 1.070,00<\/td><\/tr><tr><td>Professor de Educa\u00e7\u00e3o B\u00e1sica Federal n\u00e3o associado \u00e0 SBC (Somente inscri\u00e7\u00e3o no evento)<\/td><td>R$ 975,00<\/td><td>R$ 1.140,00<\/td><\/tr><tr><td>Profissional &#8211; Associado \u00e0 SBC ou IEEE com anuidade vigente<\/td><td>R$ 810,00<\/td><td>R$ 1.050,00<\/td><\/tr><tr><td>Profissional &#8211; Associado \u00e0 SBC com anuidade vencendo em at\u00e9 90 dias (COMBO: inscri\u00e7\u00e3o no evento + renova\u00e7\u00e3o da associa\u00e7\u00e3o \u00e0 SBC)<\/td><td>R$ 1.185,00<\/td><td>R$ 1.425,00<\/td><\/tr><tr><td>Profissional &#8211; N\u00e3o-associado ou com associa\u00e7\u00e3o n\u00e3o-vigente \u00e0 SBC (COMBO: inscri\u00e7\u00e3o no evento + associa\u00e7\u00e3o \u00e0 SBC)<\/td><td>R$ 1.185,00<\/td><td>R$ 1.425,00<\/td><\/tr><tr><td>Profissional &#8211; N\u00e3o-associado \u00e0 SBC ou IEEE (somente inscri\u00e7\u00e3o no evento)<\/td><td>R$ 1.266,00<\/td><td>R$ 1.530,00<\/td><\/tr><\/tbody><\/table><\/figure>\n\n\n\n<hr class=\"wp-block-separator has-alpha-channel-opacity\"\/>\n\n\n\n<div class=\"wp-block-columns is-layout-flex wp-container-core-columns-is-layout-9d6595d7 wp-block-columns-is-layout-flex\">\n<div class=\"wp-block-column is-vertically-aligned-center is-layout-flow wp-block-column-is-layout-flow\">\n<h3 class=\"wp-block-heading has-text-align-center has-black-color has-text-color has-link-color wp-elements-41cad2c9cbe4a85f52f18c9c7d007112\">Sponsors:<\/h3>\n\n\n\n<h4 class=\"wp-block-heading has-text-align-center has-black-color has-text-color has-link-color wp-elements-1509f10b7b6f0b9de5aae95d276c80ab\">Diamond:<\/h4>\n\n\n<div class=\"wp-block-image\">\n<figure class=\"aligncenter size-large is-resized\"><a href=\"https:\/\/aws.amazon.com\/\"><img decoding=\"async\" src=\"https:\/\/sscad2025.ufms.br\/wp-content\/uploads\/2025\/05\/AWS_logo_RGB_BLK-1024x612.png\" alt=\"\" class=\"wp-image-337\" style=\"width:159px;height:auto\"\/><\/a><\/figure>\n<\/div>\n\n\n<div class=\"wp-block-columns is-layout-flex wp-container-core-columns-is-layout-9d6595d7 wp-block-columns-is-layout-flex\">\n<div class=\"wp-block-column is-vertically-aligned-stretch is-layout-flow wp-block-column-is-layout-flow\"><div class=\"wp-block-image\">\n<figure class=\"aligncenter size-full\"><img decoding=\"async\" width=\"464\" height=\"76\" src=\"https:\/\/sbac-pad2025.ufms.br\/wp-content\/uploads\/2025\/10\/patrocinador_diamanteDellTechnologies_Nvidia-composto_cut.png\" alt=\"\" class=\"wp-image-861\" srcset=\"https:\/\/sbac-pad2025.ufms.br\/wp-content\/uploads\/2025\/10\/patrocinador_diamanteDellTechnologies_Nvidia-composto_cut.png 464w, https:\/\/sbac-pad2025.ufms.br\/wp-content\/uploads\/2025\/10\/patrocinador_diamanteDellTechnologies_Nvidia-composto_cut-300x49.png 300w\" sizes=\"(max-width: 464px) 100vw, 464px\" \/><\/figure>\n<\/div><\/div>\n<\/div>\n\n\n\n<hr class=\"wp-block-separator has-alpha-channel-opacity\"\/>\n\n\n\n<h4 class=\"wp-block-heading has-text-align-center has-black-color has-text-color has-link-color wp-elements-21bb20a72bb7ba2fee4c394ee90b3279\">Gold:<\/h4>\n\n\n<div class=\"wp-block-image\">\n<figure class=\"aligncenter size-large is-resized\"><img fetchpriority=\"high\" decoding=\"async\" width=\"1024\" height=\"213\" src=\"https:\/\/sbac-pad2025.ufms.br\/wp-content\/uploads\/2025\/10\/Logo-conjunto-NVIDIA-e-Versatus-colorido-1-1024x213.png\" alt=\"\" class=\"wp-image-742\" style=\"width:284px;height:auto\" srcset=\"https:\/\/sbac-pad2025.ufms.br\/wp-content\/uploads\/2025\/10\/Logo-conjunto-NVIDIA-e-Versatus-colorido-1-1024x213.png 1024w, https:\/\/sbac-pad2025.ufms.br\/wp-content\/uploads\/2025\/10\/Logo-conjunto-NVIDIA-e-Versatus-colorido-1-300x62.png 300w, https:\/\/sbac-pad2025.ufms.br\/wp-content\/uploads\/2025\/10\/Logo-conjunto-NVIDIA-e-Versatus-colorido-1-768x160.png 768w, https:\/\/sbac-pad2025.ufms.br\/wp-content\/uploads\/2025\/10\/Logo-conjunto-NVIDIA-e-Versatus-colorido-1.png 1206w\" sizes=\"(max-width: 1024px) 100vw, 1024px\" \/><\/figure>\n<\/div>\n\n\n<hr class=\"wp-block-separator has-alpha-channel-opacity\"\/>\n\n\n\n<h4 class=\"wp-block-heading has-text-align-center has-black-color has-text-color has-link-color wp-elements-c493af0d954c6da35626c00bcab7861a\">Silver:<\/h4>\n\n\n\n<div class=\"wp-block-columns is-layout-flex wp-container-core-columns-is-layout-9d6595d7 wp-block-columns-is-layout-flex\">\n<div class=\"wp-block-column is-vertically-aligned-center is-layout-flow wp-block-column-is-layout-flow\"><div class=\"wp-block-image\">\n<figure class=\"aligncenter size-full is-resized\"><img decoding=\"async\" width=\"563\" height=\"181\" src=\"https:\/\/sbac-pad2025.ufms.br\/wp-content\/uploads\/2025\/10\/patrocinador_silver_scherm_cut.png\" alt=\"\" class=\"wp-image-858\" style=\"width:159px;height:auto\" srcset=\"https:\/\/sbac-pad2025.ufms.br\/wp-content\/uploads\/2025\/10\/patrocinador_silver_scherm_cut.png 563w, https:\/\/sbac-pad2025.ufms.br\/wp-content\/uploads\/2025\/10\/patrocinador_silver_scherm_cut-300x96.png 300w\" sizes=\"(max-width: 563px) 100vw, 563px\" \/><\/figure>\n<\/div><\/div>\n\n\n\n<div class=\"wp-block-column is-layout-flow wp-block-column-is-layout-flow\"><div class=\"wp-block-image\">\n<figure class=\"aligncenter size-full is-resized\"><img loading=\"lazy\" decoding=\"async\" width=\"652\" height=\"330\" src=\"https:\/\/sbac-pad2025.ufms.br\/wp-content\/uploads\/2025\/10\/patrocinador_prata_supermicro_cut.png\" alt=\"\" class=\"wp-image-859\" style=\"width:168px;height:auto\" srcset=\"https:\/\/sbac-pad2025.ufms.br\/wp-content\/uploads\/2025\/10\/patrocinador_prata_supermicro_cut.png 652w, https:\/\/sbac-pad2025.ufms.br\/wp-content\/uploads\/2025\/10\/patrocinador_prata_supermicro_cut-300x152.png 300w\" sizes=\"(max-width: 652px) 100vw, 652px\" \/><\/figure>\n<\/div><\/div>\n<\/div>\n\n\n<div class=\"wp-block-image\">\n<figure class=\"aligncenter size-full is-resized\"><img loading=\"lazy\" decoding=\"async\" width=\"2560\" height=\"2560\" src=\"https:\/\/sbac-pad2025.ufms.br\/wp-content\/uploads\/2025\/10\/kaiak-scaled.png\" alt=\"\" class=\"wp-image-856\" style=\"width:159px;height:auto\" srcset=\"https:\/\/sbac-pad2025.ufms.br\/wp-content\/uploads\/2025\/10\/kaiak-scaled.png 2560w, https:\/\/sbac-pad2025.ufms.br\/wp-content\/uploads\/2025\/10\/kaiak-300x300.png 300w, https:\/\/sbac-pad2025.ufms.br\/wp-content\/uploads\/2025\/10\/kaiak-1024x1024.png 1024w, https:\/\/sbac-pad2025.ufms.br\/wp-content\/uploads\/2025\/10\/kaiak-150x150.png 150w, https:\/\/sbac-pad2025.ufms.br\/wp-content\/uploads\/2025\/10\/kaiak-768x768.png 768w, https:\/\/sbac-pad2025.ufms.br\/wp-content\/uploads\/2025\/10\/kaiak-1536x1536.png 1536w, https:\/\/sbac-pad2025.ufms.br\/wp-content\/uploads\/2025\/10\/kaiak-2048x2048.png 2048w\" sizes=\"(max-width: 2560px) 100vw, 2560px\" \/><\/figure>\n<\/div>\n\n\n<hr class=\"wp-block-separator has-alpha-channel-opacity\"\/>\n\n\n\n<h3 class=\"wp-block-heading has-text-align-center has-black-color has-text-color has-link-color wp-elements-bd6cdba09c4091707ef9c10ca0d937ff\">Partner:<\/h3>\n\n\n\n<div class=\"wp-block-columns are-vertically-aligned-center is-layout-flex wp-container-core-columns-is-layout-9d6595d7 wp-block-columns-is-layout-flex\">\n<div class=\"wp-block-column is-vertically-aligned-center is-layout-flow wp-block-column-is-layout-flow\"><div class=\"wp-block-image\">\n<figure class=\"aligncenter size-medium is-resized\"><img loading=\"lazy\" decoding=\"async\" width=\"300\" height=\"300\" src=\"https:\/\/sbac-pad2025.ufms.br\/wp-content\/uploads\/2025\/05\/H2O-300x300.png\" alt=\"\" class=\"wp-image-319\" style=\"object-fit:cover;width:104px;height:auto\" srcset=\"https:\/\/sbac-pad2025.ufms.br\/wp-content\/uploads\/2025\/05\/H2O-300x300.png 300w, https:\/\/sbac-pad2025.ufms.br\/wp-content\/uploads\/2025\/05\/H2O-1024x1024.png 1024w, https:\/\/sbac-pad2025.ufms.br\/wp-content\/uploads\/2025\/05\/H2O-150x150.png 150w, https:\/\/sbac-pad2025.ufms.br\/wp-content\/uploads\/2025\/05\/H2O-768x769.png 768w, https:\/\/sbac-pad2025.ufms.br\/wp-content\/uploads\/2025\/05\/H2O.png 1200w\" sizes=\"(max-width: 300px) 100vw, 300px\" \/><\/figure>\n<\/div><\/div>\n<\/div>\n<\/div>\n\n\n\n<div class=\"wp-block-column is-vertically-aligned-top has-background is-layout-flow wp-block-column-is-layout-flow\" style=\"background-color:#f2f2f2\">\n<h3 class=\"wp-block-heading has-text-align-center has-black-color has-text-color has-link-color wp-elements-0fcdf70ea9b72684bc9b9cde6fcf339e\">Organized by:<\/h3>\n\n\n\n<div class=\"wp-block-columns is-layout-flex wp-container-core-columns-is-layout-9d6595d7 wp-block-columns-is-layout-flex\">\n<div class=\"wp-block-column is-layout-flow wp-block-column-is-layout-flow\"><div class=\"wp-block-image\">\n<figure class=\"aligncenter size-large is-resized\"><a href=\"https:\/\/www.ufms.br\"><img decoding=\"async\" src=\"https:\/\/sscad2025.ufms.br\/wp-content\/uploads\/2025\/05\/sponsor_UFMS-1175x1536-1-783x1024.png\" alt=\"\" class=\"wp-image-335\" style=\"width:96px;height:auto\"\/><\/a><\/figure>\n<\/div><\/div>\n\n\n\n<div class=\"wp-block-column is-layout-flow wp-block-column-is-layout-flow\"><div class=\"wp-block-image\">\n<figure class=\"aligncenter size-full is-resized\"><a href=\"https:\/\/www.unicamp.br\"><img decoding=\"async\" src=\"https:\/\/sscad2025.ufms.br\/wp-content\/uploads\/2025\/05\/sponsor_Unicamp.png\" alt=\"\" class=\"wp-image-336\" style=\"width:109px;height:auto\"\/><\/a><\/figure>\n<\/div><\/div>\n<\/div>\n\n\n\n<h3 class=\"wp-block-heading has-text-align-center has-black-color has-text-color has-link-color wp-elements-6ef7a92c0186fb58c3aeb19714cb5ac0\">Promoted by:<\/h3>\n\n\n\n<div class=\"wp-block-columns is-layout-flex wp-container-core-columns-is-layout-9d6595d7 wp-block-columns-is-layout-flex\">\n<div class=\"wp-block-column is-layout-flow wp-block-column-is-layout-flow\"><div class=\"wp-block-image\">\n<figure class=\"aligncenter size-full is-resized\"><a href=\"https:\/\/www.sbc.org.br\"><img decoding=\"async\" src=\"https:\/\/sscad2025.ufms.br\/wp-content\/uploads\/2025\/05\/sbc_alt.png\" alt=\"\" class=\"wp-image-358\" style=\"width:105px;height:auto\"\/><\/a><\/figure>\n<\/div><\/div>\n\n\n\n<div class=\"wp-block-column is-vertically-aligned-center is-layout-flow wp-block-column-is-layout-flow\"><div class=\"wp-block-image\">\n<figure class=\"aligncenter size-large\"><a href=\"https:\/\/www.computer.org\"><img decoding=\"async\" src=\"https:\/\/sscad2025.ufms.br\/wp-content\/uploads\/2025\/02\/sponsor_IEEE-1024x313.png\" alt=\"\" class=\"wp-image-102\"\/><\/a><\/figure>\n<\/div><\/div>\n<\/div>\n\n\n<div class=\"wp-block-image\">\n<figure class=\"aligncenter size-large is-resized\"><a href=\"https:\/\/www2.sbc.org.br\/ce-acpad\/\"><img loading=\"lazy\" decoding=\"async\" width=\"1024\" height=\"162\" src=\"https:\/\/sbac-pad2025.ufms.br\/wp-content\/uploads\/2025\/08\/CEACPAD-LOGOTIPO-PRINCIPAL-01-1024x162.png\" alt=\"\" class=\"wp-image-451\" style=\"width:354px;height:auto\" srcset=\"https:\/\/sbac-pad2025.ufms.br\/wp-content\/uploads\/2025\/08\/CEACPAD-LOGOTIPO-PRINCIPAL-01-1024x162.png 1024w, https:\/\/sbac-pad2025.ufms.br\/wp-content\/uploads\/2025\/08\/CEACPAD-LOGOTIPO-PRINCIPAL-01-300x47.png 300w, https:\/\/sbac-pad2025.ufms.br\/wp-content\/uploads\/2025\/08\/CEACPAD-LOGOTIPO-PRINCIPAL-01-768x122.png 768w, https:\/\/sbac-pad2025.ufms.br\/wp-content\/uploads\/2025\/08\/CEACPAD-LOGOTIPO-PRINCIPAL-01.png 1422w\" sizes=\"(max-width: 1024px) 100vw, 1024px\" \/><\/a><\/figure>\n<\/div>\n\n\n<h3 class=\"wp-block-heading has-text-align-center has-black-color has-text-color has-link-color wp-elements-2f2003f69babf18a4db5a15faaad7726\">Funded by:<\/h3>\n\n\n\n<div class=\"wp-block-columns is-layout-flex wp-container-core-columns-is-layout-9d6595d7 wp-block-columns-is-layout-flex\">\n<div class=\"wp-block-column is-vertically-aligned-center is-layout-flow wp-block-column-is-layout-flow\"><div class=\"wp-block-image\">\n<figure class=\"aligncenter size-full is-resized\"><img loading=\"lazy\" decoding=\"async\" width=\"300\" height=\"128\" src=\"https:\/\/sbac-pad2025.ufms.br\/wp-content\/uploads\/2025\/05\/sponsor_CNPq.png\" alt=\"\" class=\"wp-image-317\" style=\"width:191px;height:auto\"\/><\/figure>\n<\/div><\/div>\n\n\n\n<div class=\"wp-block-column is-vertically-aligned-center is-layout-flow wp-block-column-is-layout-flow\"><div class=\"wp-block-image\">\n<figure class=\"aligncenter size-full is-resized\"><img loading=\"lazy\" decoding=\"async\" width=\"300\" height=\"275\" src=\"https:\/\/sbac-pad2025.ufms.br\/wp-content\/uploads\/2025\/05\/sponsor_CAPES.png\" alt=\"\" class=\"wp-image-316\" style=\"width:170px;height:auto\"\/><\/figure>\n<\/div><\/div>\n<\/div>\n<\/div>\n<\/div>\n","protected":false},"excerpt":{"rendered":"<p>H\u00e1 um n\u00famero limitado de inscri\u00e7\u00f5es com pre\u00e7o reduzido para membros de institui\u00e7\u00f5es de pesquisa brasileiras. Tais inscri\u00e7\u00f5es n\u00e3o d\u00e3o direito ao jantar da confer\u00eancia. No momento da inscri\u00e7\u00e3o, escolha [&hellip;]<\/p>\n","protected":false},"author":1,"featured_media":0,"parent":0,"menu_order":0,"comment_status":"closed","ping_status":"closed","template":"","meta":{"_eb_attr":"","footnotes":""},"class_list":["post-426","page","type-page","status-publish","hentry"],"_links":{"self":[{"href":"https:\/\/sbac-pad2025.ufms.br\/index.php?rest_route=\/wp\/v2\/pages\/426","targetHints":{"allow":["GET"]}}],"collection":[{"href":"https:\/\/sbac-pad2025.ufms.br\/index.php?rest_route=\/wp\/v2\/pages"}],"about":[{"href":"https:\/\/sbac-pad2025.ufms.br\/index.php?rest_route=\/wp\/v2\/types\/page"}],"author":[{"embeddable":true,"href":"https:\/\/sbac-pad2025.ufms.br\/index.php?rest_route=\/wp\/v2\/users\/1"}],"replies":[{"embeddable":true,"href":"https:\/\/sbac-pad2025.ufms.br\/index.php?rest_route=%2Fwp%2Fv2%2Fcomments&post=426"}],"version-history":[{"count":4,"href":"https:\/\/sbac-pad2025.ufms.br\/index.php?rest_route=\/wp\/v2\/pages\/426\/revisions"}],"predecessor-version":[{"id":868,"href":"https:\/\/sbac-pad2025.ufms.br\/index.php?rest_route=\/wp\/v2\/pages\/426\/revisions\/868"}],"wp:attachment":[{"href":"https:\/\/sbac-pad2025.ufms.br\/index.php?rest_route=%2Fwp%2Fv2%2Fmedia&parent=426"}],"curies":[{"name":"wp","href":"https:\/\/api.w.org\/{rel}","templated":true}]}}